{"id":502,"date":"2017-05-10T10:08:13","date_gmt":"2017-05-10T10:08:13","guid":{"rendered":"http:\/\/metalhandel.pl\/?post_type=product&#038;p=502"},"modified":"2017-05-10T11:32:53","modified_gmt":"2017-05-10T11:32:53","slug":"wkladka-tlumiaca-do-wlazow","status":"publish","type":"product","link":"https:\/\/metalhandel.pl\/?product=wkladka-tlumiaca-do-wlazow","title":{"rendered":"Wk\u0142adka t\u0142umi\u0105ca do w\u0142az\u00f3w"},"content":{"rendered":"<p><img loading=\"lazy\" decoding=\"async\" class=\"alignnone size-full wp-image-503\" src=\"http:\/\/metalhandel.pl\/wp-content\/uploads\/2017\/05\/wt_1-e1494411425810.jpg\" alt=\"\" width=\"1350\" height=\"592\" srcset=\"https:\/\/metalhandel.pl\/wp-content\/uploads\/2017\/05\/wt_1-e1494411425810.jpg 1350w, https:\/\/metalhandel.pl\/wp-content\/uploads\/2017\/05\/wt_1-e1494411425810-600x263.jpg 600w\" sizes=\"(max-width: 1350px) 100vw, 1350px\" \/><\/p>\n","protected":false},"excerpt":{"rendered":"","protected":false},"featured_media":514,"comment_status":"closed","ping_status":"closed","template":"","meta":[],"_links":{"self":[{"href":"https:\/\/metalhandel.pl\/index.php?rest_route=\/wp\/v2\/product\/502"}],"collection":[{"href":"https:\/\/metalhandel.pl\/index.php?rest_route=\/wp\/v2\/product"}],"about":[{"href":"https:\/\/metalhandel.pl\/index.php?rest_route=\/wp\/v2\/types\/product"}],"replies":[{"embeddable":true,"href":"https:\/\/metalhandel.pl\/index.php?rest_route=%2Fwp%2Fv2%2Fcomments&post=502"}],"wp:featuredmedia":[{"embeddable":true,"href":"https:\/\/metalhandel.pl\/index.php?rest_route=\/wp\/v2\/media\/514"}],"wp:attachment":[{"href":"https:\/\/metalhandel.pl\/index.php?rest_route=%2Fwp%2Fv2%2Fmedia&parent=502"}],"curies":[{"name":"wp","href":"https:\/\/api.w.org\/{rel}","templated":true}]}}