{"id":484,"date":"2017-05-09T14:18:57","date_gmt":"2017-05-09T14:18:57","guid":{"rendered":"http:\/\/metalhandel.pl\/?post_type=product&#038;p=484"},"modified":"2026-03-18T14:27:47","modified_gmt":"2026-03-18T14:27:47","slug":"wpusty-kraweznikowo-jezdniowe","status":"publish","type":"product","link":"https:\/\/metalhandel.pl\/?product=wpusty-kraweznikowo-jezdniowe","title":{"rendered":"Wpusty kraw\u0119\u017cnikowo-jezdniowe"},"content":{"rendered":"<p><strong>Zastosowanie:<\/strong><\/p>\n<p>Wpusty \u015bciekowe klasy C stosuje s\u0105 na jezdniach dr\u00f3g, utwardzonych poboczach oraz parkingach dla wszystkich rodzaj\u00f3w pojazd\u00f3w drogowych; w obszarze mierzonym od \u015bciany kraw\u0119\u017cnika mo\u017ce si\u0119ga\u0107 w tor ruchu maksimum 0,5 m i w drog\u0119 dla pieszych maksimum 0,2 m.<\/p>\n<p>Wpusty \u015bciekowe klasy D stosuje s\u0105 na jezdniach dr\u00f3g, utwardzonych poboczach oraz parkingach dla wszystkich rodzaj\u00f3w pojazd\u00f3w drogowych.<\/p>\n<p>&nbsp;<\/p>\n<p><strong>Charakterystyka:<\/strong><\/p>\n<p>&#8211; zgodny z norm\u0105 EN 124-2:2015<\/p>\n<p>&#8211; materia\u0142: \u017celiwo klasy EN GJL 200<\/p>\n<p>&#8211; wysoko\u015b\u0107 korpusu\/kraw\u0119\u017cnika H220\/120 mm<\/p>\n<p>&nbsp;<\/p>\n","protected":false},"excerpt":{"rendered":"<p>&nbsp;<\/p>\n<p><strong>Rysunki odmian:<\/strong><\/p>\n<p><a href=\"https:\/\/metalhandel.pl\/wp-content\/uploads\/2017\/05\/Wpust-kraweznikowo-jezdniowy-DN-650-C250-H120.pdf\" target=\"_blank\" rel=\"noopener noreferrer\">Wpust \u015bciekowy kraw\u0119\u017cnikowo-jezdniowy \u00a0500&#215;400 mm, klasa C250, korpus H220 mm, z 3\/4 ko\u0142nierza, do kraw\u0119\u017cnika H120 mm, pokrywa i krata na zawiasach<\/a><\/p>\n<p><a href=\"https:\/\/metalhandel.pl\/wp-content\/uploads\/2023\/04\/04-23-Wpust-kraweznikowo-jezdniowy-DN600-mm-H220-mm-D400.pdf\" target=\"_blank\" rel=\"noopener noreferrer\">Wpust \u015bciekowy kraw\u0119\u017cnikowo-jezdniowy \u00a0500&#215;400 mm, klasa D400, korpus H220 mm, z 3\/4 ko\u0142nierza, do kraw\u0119\u017cnika H120 mm, pokrywa i krata na zawiasach<\/a><\/p>\n<p><a href=\"https:\/\/metalhandel.pl\/wp-content\/uploads\/2017\/05\/Wpust-kraweznikowo-jezdniowy-DN700-D400-H120.pdf\" target=\"_blank\" rel=\"noopener noreferrer\">Wpust \u015bciekowy kraw\u0119\u017cnikowo-jezdniowy \u00a0600&#215;400 mm, klasa D400, korpus H220 mm, z 3\/4 ko\u0142nierza, do kraw\u0119\u017cnika H120 mm, pokrywa i krata na zawiasach<\/a><\/p>\n<p>&nbsp;<\/p>\n<p><a href=\"https:\/\/metalhandel.pl\/wp-content\/uploads\/2026\/03\/Certyfikat-2026.pdf\" target=\"_blank\" rel=\"noopener noreferrer\"><strong>Certyfikat<\/strong><\/a><\/p>\n<p>&nbsp;<\/p>\n<p><strong>Deklaracje w\u0142a\u015bciwo\u015bci u\u017cytkowych:<\/strong><\/p>\n<p><a href=\"https:\/\/metalhandel.pl\/wp-content\/uploads\/2023\/04\/Krajowa-deklaracja-wlasciwosci-uzytkowych-21-2023-Wpust-kraweznikowo-jezdniowy-klasa-C250-DN-650-mm-korpus-H220-mm.pdf\" target=\"_blank\" rel=\"noopener noreferrer\">Wpust \u015bciekowy kraw\u0119\u017cnikowo-jezdniowy \u00a0500&#215;400 mm, klasa C250, korpus H220 mm, z 3\/4 ko\u0142nierza, do kraw\u0119\u017cnika H120 mm, pokrywa i krata na zawiasach<\/a><\/p>\n<p><a href=\"https:\/\/metalhandel.pl\/wp-content\/uploads\/2023\/04\/Krajowa-deklaracja-wlasciwosci-uzytkowych-29-2023-Wpust-kraweznikowo-jezdniowy-klasa-D400-DN-600-mm-korpus-H220-mm.pdf\" target=\"_blank\" rel=\"noopener noreferrer\">Wpust \u015bciekowy kraw\u0119\u017cnikowo-jezdniowy \u00a0500&#215;400 mm, klasa D400, korpus H220 mm, z 3\/4 ko\u0142nierza, do kraw\u0119\u017cnika H120 mm, pokrywa i krata na zawiasach<\/a><\/p>\n<p><a href=\"https:\/\/metalhandel.pl\/wp-content\/uploads\/2023\/04\/Krajowa-deklaracja-wlasciwosci-uzytkowych-28-2023-Wpust-kraweznikowo-jezdniowy-klasa-D400-DN-700-mm-korpus-H220-mm.pdf\" target=\"_blank\" rel=\"noopener noreferrer\">Wpust \u015bciekowy kraw\u0119\u017cnikowo-jezdniowy \u00a0600&#215;400 mm, klasa D400, korpus H220 mm, z 3\/4 ko\u0142nierza, do kraw\u0119\u017cnika H120 mm, pokrywa i krata na zawiasach<\/a><\/p>\n<p>&nbsp;<\/p>\n","protected":false},"featured_media":485,"comment_status":"closed","ping_status":"closed","template":"","meta":[],"_links":{"self":[{"href":"https:\/\/metalhandel.pl\/index.php?rest_route=\/wp\/v2\/product\/484"}],"collection":[{"href":"https:\/\/metalhandel.pl\/index.php?rest_route=\/wp\/v2\/product"}],"about":[{"href":"https:\/\/metalhandel.pl\/index.php?rest_route=\/wp\/v2\/types\/product"}],"replies":[{"embeddable":true,"href":"https:\/\/metalhandel.pl\/index.php?rest_route=%2Fwp%2Fv2%2Fcomments&post=484"}],"wp:featuredmedia":[{"embeddable":true,"href":"https:\/\/metalhandel.pl\/index.php?rest_route=\/wp\/v2\/media\/485"}],"wp:attachment":[{"href":"https:\/\/metalhandel.pl\/index.php?rest_route=%2Fwp%2Fv2%2Fmedia&parent=484"}],"curies":[{"name":"wp","href":"https:\/\/api.w.org\/{rel}","templated":true}]}}