{"id":448,"date":"2017-05-09T10:27:06","date_gmt":"2017-05-09T10:27:06","guid":{"rendered":"http:\/\/metalhandel.pl\/?post_type=product&#038;p=448"},"modified":"2026-03-18T14:28:32","modified_gmt":"2026-03-18T14:28:32","slug":"wpusty-kolnierzowe","status":"publish","type":"product","link":"https:\/\/metalhandel.pl\/?product=wpusty-kolnierzowe","title":{"rendered":"Wpusty ko\u0142nierzowe"},"content":{"rendered":"<p><strong>Zastosowanie:<\/strong><\/p>\n<p>Wpusty \u015bciekowe klasy C stosuje s\u0105 na jezdniach dr\u00f3g, utwardzonych poboczach oraz parkingach dla wszystkich rodzaj\u00f3w pojazd\u00f3w drogowych; w obszarze mierzonym od \u015bciany kraw\u0119\u017cnika mo\u017ce si\u0119ga\u0107 w tor ruchu maksimum 0,5 m i w drog\u0119 dla pieszych maksimum 0,2 m.<\/p>\n<p>Wpusty \u015bciekowe klasy D stosuje s\u0105 na jezdniach dr\u00f3g, utwardzonych poboczach oraz parkingach dla wszystkich rodzaj\u00f3w pojazd\u00f3w drogowych.<\/p>\n<p>&nbsp;<\/p>\n<p><strong>Charakterystyka:<\/strong><\/p>\n<p>&#8211; zgodny z norm\u0105 EN 124-2:2015<\/p>\n<p>&#8211; materia\u0142: \u017celiwo klasy EN GJL 200<\/p>\n<p>&#8211; wysoko\u015b\u0107 korpusu H115, H150<\/p>\n<p>&#8211; powierzchnia odp\u0142ywu wody 10 dm2<\/p>\n<p>&#8211; dost\u0119pna wersja z krat\u0105 osadzon\u0105 lu\u017ano oraz na zawiasie<\/p>\n","protected":false},"excerpt":{"rendered":"<p>&nbsp;<\/p>\n<p><strong>Rysunki odmian:<\/strong><\/p>\n<p><a href=\"https:\/\/metalhandel.pl\/wp-content\/uploads\/2024\/04\/35-15-Wpust-sciekowy-Krata-C250-Korpus-H115-z-kolnierzem.pdf\" target=\"_blank\" rel=\"noopener noreferrer\">Wpust \u015bciekowy 600&#215;400 mm klasa C250, korpus H115 z ko\u0142nierzem<\/a><\/p>\n<p><a href=\"http:\/\/metalhandel.pl\/wp-content\/uploads\/2017\/05\/Wpust-sciekowy-Krata-D400-Korpus-H115-z-kolnierzem.pdf\" target=\"_blank\" rel=\"noopener noreferrer\">Wpust \u015bciekowy 600&#215;400 mm klasa D400, korpus H115 z ko\u0142nierzem<\/a><\/p>\n<p><a href=\"http:\/\/metalhandel.pl\/wp-content\/uploads\/2017\/05\/Wpust-sciekowy-Krata-C250-Korpus-H150-z-kolnierzem.pdf\" target=\"_blank\" rel=\"noopener noreferrer\">Wpust \u015bciekowy 600&#215;400 mm klasa C250, korpus H150 z ko\u0142nierzem<\/a><\/p>\n<p><a href=\"http:\/\/metalhandel.pl\/wp-content\/uploads\/2017\/05\/Wpust-sciekowy-Krata-D400-Korpus-H150-z-kolnierzem.pdf\" target=\"_blank\" rel=\"noopener noreferrer\">Wpust \u015bciekowy 600&#215;400 mm klasa D400, korpus H150 z ko\u0142nierzem<\/a><\/p>\n<p>&nbsp;<\/p>\n<p><a href=\"https:\/\/metalhandel.pl\/wp-content\/uploads\/2026\/03\/Certyfikat-2026.pdf\" target=\"_blank\" rel=\"noopener noreferrer\"><strong>Certyfikat<\/strong><\/a><\/p>\n<p>&nbsp;<\/p>\n<p><strong>Deklaracje w\u0142a\u015bciwo\u015bci u\u017cytkowych:<\/strong><\/p>\n<p><a href=\"https:\/\/metalhandel.pl\/wp-content\/uploads\/2023\/04\/Krajowa-deklaracja-wlasciwosci-uzytkowych-18-2023-Wpust-sciekowy-klasa-C250-korpus-H115-mm-kolnierzowy-krata-osadzona-luzno.pdf\" target=\"_blank\" rel=\"noopener noreferrer\">Wpust \u015bciekowy 600&#215;400 mm klasa C250, korpus H115 z ko\u0142nierzem, krata osadzona lu\u017ano<\/a><\/p>\n<p><a href=\"https:\/\/metalhandel.pl\/wp-content\/uploads\/2023\/04\/Krajowa-deklaracja-wlasciwosci-uzytkowych-19-2023-Wpust-sciekowy-klasa-C250-korpus-H115-150-mm-kolnierzowy-krata-uchylna.pdf\" target=\"_blank\" rel=\"noopener noreferrer\">Wpust \u015bciekowy 600&#215;400 mm klasa C250, korpus H115\/H150 z ko\u0142nierzem, krata\u00a0na zawiasach<\/a><\/p>\n<p><a href=\"https:\/\/metalhandel.pl\/wp-content\/uploads\/2023\/04\/Krajowa-deklaracja-wlasciwosci-uzytkowych-25-2023-Wpust-sciekowy-klasa-D400-korpus-H115-150-mm-kolnierzowy-krata-osadzona-luzno.pdf\" target=\"_blank\" rel=\"noopener noreferrer\">Wpust \u015bciekowy 600&#215;400 mm klasa D400, korpus H115\/H150 z ko\u0142nierzem, krata osadzona lu\u017ano<\/a><\/p>\n<p><a href=\"https:\/\/metalhandel.pl\/wp-content\/uploads\/2023\/04\/Krajowa-deklaracja-wlasciwosci-uzytkowych-26-2023-Wpust-sciekowy-klasa-D400-korpus-H115-150-mm-kolnierzowy-krata-uchylna.pdf\" target=\"_blank\" rel=\"noopener noreferrer\">Wpust \u015bciekowy 600&#215;400 mm klasa D400, korpus H115\/H150 z ko\u0142nierzem, krata\u00a0na zawiasach<\/a><\/p>\n","protected":false},"featured_media":454,"comment_status":"closed","ping_status":"closed","template":"","meta":[],"_links":{"self":[{"href":"https:\/\/metalhandel.pl\/index.php?rest_route=\/wp\/v2\/product\/448"}],"collection":[{"href":"https:\/\/metalhandel.pl\/index.php?rest_route=\/wp\/v2\/product"}],"about":[{"href":"https:\/\/metalhandel.pl\/index.php?rest_route=\/wp\/v2\/types\/product"}],"replies":[{"embeddable":true,"href":"https:\/\/metalhandel.pl\/index.php?rest_route=%2Fwp%2Fv2%2Fcomments&post=448"}],"wp:featuredmedia":[{"embeddable":true,"href":"https:\/\/metalhandel.pl\/index.php?rest_route=\/wp\/v2\/media\/454"}],"wp:attachment":[{"href":"https:\/\/metalhandel.pl\/index.php?rest_route=%2Fwp%2Fv2%2Fmedia&parent=448"}],"curies":[{"name":"wp","href":"https:\/\/api.w.org\/{rel}","templated":true}]}}