{"id":409,"date":"2017-04-21T10:10:09","date_gmt":"2017-04-21T10:10:09","guid":{"rendered":"http:\/\/metalhandel.pl\/?post_type=product&#038;p=409"},"modified":"2017-04-21T10:11:00","modified_gmt":"2017-04-21T10:11:00","slug":"noga-paryska-z-podlokietnikiem","status":"publish","type":"product","link":"https:\/\/metalhandel.pl\/?product=noga-paryska-z-podlokietnikiem","title":{"rendered":"Noga paryska z pod\u0142okietnikiem"},"content":{"rendered":"<p>Ilo\u015b\u0107 desek &#8211; 5<\/p>\n<p>Wysoko\u015b\u0107 siedziska &#8211; 38\u00a0cm<\/p>\n<p>Wysoko\u015b\u0107 \u0142awki &#8211; 73 cm<\/p>\n","protected":false},"excerpt":{"rendered":"<p>Ilo\u015b\u0107 desek &#8211; 5 Wysoko\u015b\u0107 siedziska &#8211; 38\u00a0cm Wysoko\u015b\u0107 \u0142awki &#8211; 73 cm<\/p>\n","protected":false},"featured_media":376,"comment_status":"closed","ping_status":"closed","template":"","meta":[],"_links":{"self":[{"href":"https:\/\/metalhandel.pl\/index.php?rest_route=\/wp\/v2\/product\/409"}],"collection":[{"href":"https:\/\/metalhandel.pl\/index.php?rest_route=\/wp\/v2\/product"}],"about":[{"href":"https:\/\/metalhandel.pl\/index.php?rest_route=\/wp\/v2\/types\/product"}],"replies":[{"embeddable":true,"href":"https:\/\/metalhandel.pl\/index.php?rest_route=%2Fwp%2Fv2%2Fcomments&post=409"}],"wp:featuredmedia":[{"embeddable":true,"href":"https:\/\/metalhandel.pl\/index.php?rest_route=\/wp\/v2\/media\/376"}],"wp:attachment":[{"href":"https:\/\/metalhandel.pl\/index.php?rest_route=%2Fwp%2Fv2%2Fmedia&parent=409"}],"curies":[{"name":"wp","href":"https:\/\/api.w.org\/{rel}","templated":true}]}}