{"id":407,"date":"2017-04-21T09:49:33","date_gmt":"2017-04-21T09:49:33","guid":{"rendered":"http:\/\/metalhandel.pl\/?post_type=product&#038;p=407"},"modified":"2017-04-21T12:51:08","modified_gmt":"2017-04-21T12:51:08","slug":"noga-motyla","status":"publish","type":"product","link":"https:\/\/metalhandel.pl\/?product=noga-motyla","title":{"rendered":"Noga motyla"},"content":{"rendered":"<p>Ilo\u015b\u0107 desek &#8211;\u00a015<\/p>\n<p>Wysoko\u015b\u0107 siedziska &#8211; 37 cm<\/p>\n<p>Wysoko\u015b\u0107 \u0142awki &#8211; 75 cm<\/p>\n","protected":false},"excerpt":{"rendered":"<p>Ilo\u015b\u0107 desek &#8211;\u00a015 Wysoko\u015b\u0107 siedziska &#8211; 37 cm Wysoko\u015b\u0107 \u0142awki &#8211; 75 cm<\/p>\n","protected":false},"featured_media":408,"comment_status":"closed","ping_status":"closed","template":"","meta":[],"_links":{"self":[{"href":"https:\/\/metalhandel.pl\/index.php?rest_route=\/wp\/v2\/product\/407"}],"collection":[{"href":"https:\/\/metalhandel.pl\/index.php?rest_route=\/wp\/v2\/product"}],"about":[{"href":"https:\/\/metalhandel.pl\/index.php?rest_route=\/wp\/v2\/types\/product"}],"replies":[{"embeddable":true,"href":"https:\/\/metalhandel.pl\/index.php?rest_route=%2Fwp%2Fv2%2Fcomments&post=407"}],"wp:featuredmedia":[{"embeddable":true,"href":"https:\/\/metalhandel.pl\/index.php?rest_route=\/wp\/v2\/media\/408"}],"wp:attachment":[{"href":"https:\/\/metalhandel.pl\/index.php?rest_route=%2Fwp%2Fv2%2Fmedia&parent=407"}],"curies":[{"name":"wp","href":"https:\/\/api.w.org\/{rel}","templated":true}]}}