{"id":403,"date":"2017-04-21T09:39:45","date_gmt":"2017-04-21T09:39:45","guid":{"rendered":"http:\/\/metalhandel.pl\/?post_type=product&#038;p=403"},"modified":"2017-04-24T07:38:44","modified_gmt":"2017-04-24T07:38:44","slug":"noga-rzymska","status":"publish","type":"product","link":"https:\/\/metalhandel.pl\/?product=noga-rzymska","title":{"rendered":"Noga rzymska"},"content":{"rendered":"<p>Ilo\u015b\u0107 desek &#8211; 7<\/p>\n<p>Wysoko\u015b\u0107 siedziska &#8211; 37 cm<\/p>\n<p>Wysoko\u015b\u0107 \u0142awki &#8211; 72 cm<\/p>\n","protected":false},"excerpt":{"rendered":"<p>Ilo\u015b\u0107 desek &#8211; 7 Wysoko\u015b\u0107 siedziska &#8211; 37 cm Wysoko\u015b\u0107 \u0142awki &#8211; 72 cm<\/p>\n","protected":false},"featured_media":420,"comment_status":"closed","ping_status":"closed","template":"","meta":[],"_links":{"self":[{"href":"https:\/\/metalhandel.pl\/index.php?rest_route=\/wp\/v2\/product\/403"}],"collection":[{"href":"https:\/\/metalhandel.pl\/index.php?rest_route=\/wp\/v2\/product"}],"about":[{"href":"https:\/\/metalhandel.pl\/index.php?rest_route=\/wp\/v2\/types\/product"}],"replies":[{"embeddable":true,"href":"https:\/\/metalhandel.pl\/index.php?rest_route=%2Fwp%2Fv2%2Fcomments&post=403"}],"wp:featuredmedia":[{"embeddable":true,"href":"https:\/\/metalhandel.pl\/index.php?rest_route=\/wp\/v2\/media\/420"}],"wp:attachment":[{"href":"https:\/\/metalhandel.pl\/index.php?rest_route=%2Fwp%2Fv2%2Fmedia&parent=403"}],"curies":[{"name":"wp","href":"https:\/\/api.w.org\/{rel}","templated":true}]}}