{"id":402,"date":"2017-04-21T09:38:32","date_gmt":"2017-04-21T09:38:32","guid":{"rendered":"http:\/\/metalhandel.pl\/?post_type=product&#038;p=402"},"modified":"2017-04-24T07:17:43","modified_gmt":"2017-04-24T07:17:43","slug":"noga-berlinska","status":"publish","type":"product","link":"https:\/\/metalhandel.pl\/?product=noga-berlinska","title":{"rendered":"Noga berli\u0144ska"},"content":{"rendered":"<p>Ilo\u015b\u0107 desek &#8211; 7<\/p>\n<p>Wysoko\u015b\u0107 siedziska &#8211; 38 cm<\/p>\n<p>Wysoko\u015b\u0107 \u0142awki &#8211; 75 cm<\/p>\n","protected":false},"excerpt":{"rendered":"<p>Ilo\u015b\u0107 desek &#8211; 7 Wysoko\u015b\u0107 siedziska &#8211; 38 cm Wysoko\u015b\u0107 \u0142awki &#8211; 75 cm<\/p>\n","protected":false},"featured_media":418,"comment_status":"closed","ping_status":"closed","template":"","meta":[],"_links":{"self":[{"href":"https:\/\/metalhandel.pl\/index.php?rest_route=\/wp\/v2\/product\/402"}],"collection":[{"href":"https:\/\/metalhandel.pl\/index.php?rest_route=\/wp\/v2\/product"}],"about":[{"href":"https:\/\/metalhandel.pl\/index.php?rest_route=\/wp\/v2\/types\/product"}],"replies":[{"embeddable":true,"href":"https:\/\/metalhandel.pl\/index.php?rest_route=%2Fwp%2Fv2%2Fcomments&post=402"}],"wp:featuredmedia":[{"embeddable":true,"href":"https:\/\/metalhandel.pl\/index.php?rest_route=\/wp\/v2\/media\/418"}],"wp:attachment":[{"href":"https:\/\/metalhandel.pl\/index.php?rest_route=%2Fwp%2Fv2%2Fmedia&parent=402"}],"curies":[{"name":"wp","href":"https:\/\/api.w.org\/{rel}","templated":true}]}}