{"id":394,"date":"2017-04-21T09:32:55","date_gmt":"2017-04-21T09:32:55","guid":{"rendered":"http:\/\/metalhandel.pl\/?post_type=product&#038;p=394"},"modified":"2017-04-24T07:18:40","modified_gmt":"2017-04-24T07:18:40","slug":"noga-wiedenska-wysoka","status":"publish","type":"product","link":"https:\/\/metalhandel.pl\/?product=noga-wiedenska-wysoka","title":{"rendered":"Noga wiede\u0144ska wysoka"},"content":{"rendered":"<p>Ilo\u015b\u0107 desek &#8211; 6<\/p>\n<p>Wysoko\u015b\u0107 siedziska &#8211; 40 cm<\/p>\n<p>Wysoko\u015b\u0107 \u0142awki &#8211; 76 cm<\/p>\n","protected":false},"excerpt":{"rendered":"<p>Ilo\u015b\u0107 desek &#8211; 6 Wysoko\u015b\u0107 siedziska &#8211; 40 cm Wysoko\u015b\u0107 \u0142awki &#8211; 76 cm<\/p>\n","protected":false},"featured_media":417,"comment_status":"closed","ping_status":"closed","template":"","meta":[],"_links":{"self":[{"href":"https:\/\/metalhandel.pl\/index.php?rest_route=\/wp\/v2\/product\/394"}],"collection":[{"href":"https:\/\/metalhandel.pl\/index.php?rest_route=\/wp\/v2\/product"}],"about":[{"href":"https:\/\/metalhandel.pl\/index.php?rest_route=\/wp\/v2\/types\/product"}],"replies":[{"embeddable":true,"href":"https:\/\/metalhandel.pl\/index.php?rest_route=%2Fwp%2Fv2%2Fcomments&post=394"}],"wp:featuredmedia":[{"embeddable":true,"href":"https:\/\/metalhandel.pl\/index.php?rest_route=\/wp\/v2\/media\/417"}],"wp:attachment":[{"href":"https:\/\/metalhandel.pl\/index.php?rest_route=%2Fwp%2Fv2%2Fmedia&parent=394"}],"curies":[{"name":"wp","href":"https:\/\/api.w.org\/{rel}","templated":true}]}}