{"id":393,"date":"2017-04-21T09:20:51","date_gmt":"2017-04-21T09:20:51","guid":{"rendered":"http:\/\/metalhandel.pl\/?post_type=product&#038;p=393"},"modified":"2017-04-21T09:21:45","modified_gmt":"2017-04-21T09:21:45","slug":"noga-wiedenska-lekka","status":"publish","type":"product","link":"https:\/\/metalhandel.pl\/?product=noga-wiedenska-lekka","title":{"rendered":"Noga wiede\u0144ska lekka"},"content":{"rendered":"<p>Ilo\u015b\u0107 desek &#8211; 6<\/p>\n<p>Wysoko\u015b\u0107 siedziska &#8211; 33 cm<\/p>\n<p>Wysoko\u015b\u0107 \u0142awki &#8211; 70 cm<\/p>\n","protected":false},"excerpt":{"rendered":"<p>Ilo\u015b\u0107 desek &#8211; 6 Wysoko\u015b\u0107 siedziska &#8211; 33 cm Wysoko\u015b\u0107 \u0142awki &#8211; 70 cm<\/p>\n","protected":false},"featured_media":384,"comment_status":"closed","ping_status":"closed","template":"","meta":[],"_links":{"self":[{"href":"https:\/\/metalhandel.pl\/index.php?rest_route=\/wp\/v2\/product\/393"}],"collection":[{"href":"https:\/\/metalhandel.pl\/index.php?rest_route=\/wp\/v2\/product"}],"about":[{"href":"https:\/\/metalhandel.pl\/index.php?rest_route=\/wp\/v2\/types\/product"}],"replies":[{"embeddable":true,"href":"https:\/\/metalhandel.pl\/index.php?rest_route=%2Fwp%2Fv2%2Fcomments&post=393"}],"wp:featuredmedia":[{"embeddable":true,"href":"https:\/\/metalhandel.pl\/index.php?rest_route=\/wp\/v2\/media\/384"}],"wp:attachment":[{"href":"https:\/\/metalhandel.pl\/index.php?rest_route=%2Fwp%2Fv2%2Fmedia&parent=393"}],"curies":[{"name":"wp","href":"https:\/\/api.w.org\/{rel}","templated":true}]}}