{"id":391,"date":"2017-04-21T09:16:20","date_gmt":"2017-04-21T09:16:20","guid":{"rendered":"http:\/\/metalhandel.pl\/?post_type=product&#038;p=391"},"modified":"2017-04-21T09:17:18","modified_gmt":"2017-04-21T09:17:18","slug":"noga-pomorska-bez-podlokietnika","status":"publish","type":"product","link":"https:\/\/metalhandel.pl\/?product=noga-pomorska-bez-podlokietnika","title":{"rendered":"Noga pomorska bez pod\u0142okietnika"},"content":{"rendered":"<p>Ilo\u015b\u0107 desek &#8211; 6<\/p>\n<p>Wysoko\u015b\u0107 siedziska &#8211; 38\u00a0cm<\/p>\n<p>Wysoko\u015b\u0107 \u0142awki &#8211; 72 cm<\/p>\n","protected":false},"excerpt":{"rendered":"<p>Ilo\u015b\u0107 desek &#8211; 6 Wysoko\u015b\u0107 siedziska &#8211; 38\u00a0cm Wysoko\u015b\u0107 \u0142awki &#8211; 72 cm<\/p>\n","protected":false},"featured_media":381,"comment_status":"closed","ping_status":"closed","template":"","meta":[],"_links":{"self":[{"href":"https:\/\/metalhandel.pl\/index.php?rest_route=\/wp\/v2\/product\/391"}],"collection":[{"href":"https:\/\/metalhandel.pl\/index.php?rest_route=\/wp\/v2\/product"}],"about":[{"href":"https:\/\/metalhandel.pl\/index.php?rest_route=\/wp\/v2\/types\/product"}],"replies":[{"embeddable":true,"href":"https:\/\/metalhandel.pl\/index.php?rest_route=%2Fwp%2Fv2%2Fcomments&post=391"}],"wp:featuredmedia":[{"embeddable":true,"href":"https:\/\/metalhandel.pl\/index.php?rest_route=\/wp\/v2\/media\/381"}],"wp:attachment":[{"href":"https:\/\/metalhandel.pl\/index.php?rest_route=%2Fwp%2Fv2%2Fmedia&parent=391"}],"curies":[{"name":"wp","href":"https:\/\/api.w.org\/{rel}","templated":true}]}}