{"id":389,"date":"2017-04-21T09:10:58","date_gmt":"2017-04-21T09:10:58","guid":{"rendered":"http:\/\/metalhandel.pl\/?post_type=product&#038;p=389"},"modified":"2017-04-21T09:11:57","modified_gmt":"2017-04-21T09:11:57","slug":"taboret-wiedenski","status":"publish","type":"product","link":"https:\/\/metalhandel.pl\/?product=taboret-wiedenski","title":{"rendered":"Taboret wiede\u0144ski"},"content":{"rendered":"<p>Ilo\u015b\u0107 desek &#8211; 3 lub 4<\/p>\n<p>Wysoko\u015b\u0107 siedziska &#8211; 38\/39 cm<\/p>\n<p>Wysoko\u015b\u0107 \u0142awki &#8211; 38\/39 cm<\/p>\n","protected":false},"excerpt":{"rendered":"<p>Ilo\u015b\u0107 desek &#8211; 3 lub 4 Wysoko\u015b\u0107 siedziska &#8211; 38\/39 cm Wysoko\u015b\u0107 \u0142awki &#8211; 38\/39 cm<\/p>\n","protected":false},"featured_media":383,"comment_status":"closed","ping_status":"closed","template":"","meta":[],"_links":{"self":[{"href":"https:\/\/metalhandel.pl\/index.php?rest_route=\/wp\/v2\/product\/389"}],"collection":[{"href":"https:\/\/metalhandel.pl\/index.php?rest_route=\/wp\/v2\/product"}],"about":[{"href":"https:\/\/metalhandel.pl\/index.php?rest_route=\/wp\/v2\/types\/product"}],"replies":[{"embeddable":true,"href":"https:\/\/metalhandel.pl\/index.php?rest_route=%2Fwp%2Fv2%2Fcomments&post=389"}],"wp:featuredmedia":[{"embeddable":true,"href":"https:\/\/metalhandel.pl\/index.php?rest_route=\/wp\/v2\/media\/383"}],"wp:attachment":[{"href":"https:\/\/metalhandel.pl\/index.php?rest_route=%2Fwp%2Fv2%2Fmedia&parent=389"}],"curies":[{"name":"wp","href":"https:\/\/api.w.org\/{rel}","templated":true}]}}