{"id":388,"date":"2017-04-21T09:08:17","date_gmt":"2017-04-21T09:08:17","guid":{"rendered":"http:\/\/metalhandel.pl\/?post_type=product&#038;p=388"},"modified":"2017-04-21T09:09:01","modified_gmt":"2017-04-21T09:09:01","slug":"noga-krolewska-z-podlokietnikiem","status":"publish","type":"product","link":"https:\/\/metalhandel.pl\/?product=noga-krolewska-z-podlokietnikiem","title":{"rendered":"Noga kr\u00f3lewska z pod\u0142okietnikiem"},"content":{"rendered":"<p>Ilo\u015b\u0107 desek &#8211; 6<\/p>\n<p>Wysoko\u015b\u0107 siedziska &#8211; 39 cm<\/p>\n<p>Wysoko\u015b\u0107 \u0142awki &#8211; 75 cm<\/p>\n","protected":false},"excerpt":{"rendered":"<p>Ilo\u015b\u0107 desek &#8211; 6 Wysoko\u015b\u0107 siedziska &#8211; 39 cm Wysoko\u015b\u0107 \u0142awki &#8211; 75 cm<\/p>\n","protected":false},"featured_media":378,"comment_status":"closed","ping_status":"closed","template":"","meta":[],"_links":{"self":[{"href":"https:\/\/metalhandel.pl\/index.php?rest_route=\/wp\/v2\/product\/388"}],"collection":[{"href":"https:\/\/metalhandel.pl\/index.php?rest_route=\/wp\/v2\/product"}],"about":[{"href":"https:\/\/metalhandel.pl\/index.php?rest_route=\/wp\/v2\/types\/product"}],"replies":[{"embeddable":true,"href":"https:\/\/metalhandel.pl\/index.php?rest_route=%2Fwp%2Fv2%2Fcomments&post=388"}],"wp:featuredmedia":[{"embeddable":true,"href":"https:\/\/metalhandel.pl\/index.php?rest_route=\/wp\/v2\/media\/378"}],"wp:attachment":[{"href":"https:\/\/metalhandel.pl\/index.php?rest_route=%2Fwp%2Fv2%2Fmedia&parent=388"}],"curies":[{"name":"wp","href":"https:\/\/api.w.org\/{rel}","templated":true}]}}