{"id":361,"date":"2017-04-18T13:52:54","date_gmt":"2017-04-18T13:52:54","guid":{"rendered":"http:\/\/metalhandel.pl\/?post_type=product&#038;p=361"},"modified":"2017-04-18T14:17:19","modified_gmt":"2017-04-18T14:17:19","slug":"noga-paryska-na-5-desek","status":"publish","type":"product","link":"https:\/\/metalhandel.pl\/?product=noga-paryska-na-5-desek","title":{"rendered":"Noga paryska na 5 desek"},"content":{"rendered":"<p>Ilo\u015b\u0107 desek &#8211; 5<\/p>\n<p>Wysoko\u015b\u0107 siedziska &#8211; 41\/41 cm<\/p>\n<p>Wysoko\u015b\u0107 \u0142awki &#8211; 70\/80 cm<\/p>\n","protected":false},"excerpt":{"rendered":"<p>Ilo\u015b\u0107 desek &#8211; 5 Wysoko\u015b\u0107 siedziska &#8211; 41\/41 cm Wysoko\u015b\u0107 \u0142awki &#8211; 70\/80 cm<\/p>\n","protected":false},"featured_media":372,"comment_status":"closed","ping_status":"closed","template":"","meta":[],"_links":{"self":[{"href":"https:\/\/metalhandel.pl\/index.php?rest_route=\/wp\/v2\/product\/361"}],"collection":[{"href":"https:\/\/metalhandel.pl\/index.php?rest_route=\/wp\/v2\/product"}],"about":[{"href":"https:\/\/metalhandel.pl\/index.php?rest_route=\/wp\/v2\/types\/product"}],"replies":[{"embeddable":true,"href":"https:\/\/metalhandel.pl\/index.php?rest_route=%2Fwp%2Fv2%2Fcomments&post=361"}],"wp:featuredmedia":[{"embeddable":true,"href":"https:\/\/metalhandel.pl\/index.php?rest_route=\/wp\/v2\/media\/372"}],"wp:attachment":[{"href":"https:\/\/metalhandel.pl\/index.php?rest_route=%2Fwp%2Fv2%2Fmedia&parent=361"}],"curies":[{"name":"wp","href":"https:\/\/api.w.org\/{rel}","templated":true}]}}