{"id":338,"date":"2017-04-03T08:21:40","date_gmt":"2017-04-03T08:21:40","guid":{"rendered":"http:\/\/metalhandel.pl\/?product=wlazy-kanalowe-zeliwno-betonowe-klasa-c250-przykrecane"},"modified":"2026-03-18T14:29:58","modified_gmt":"2026-03-18T14:29:58","slug":"wlazy-kanalowe-zeliwno-betonowe-klasa-c250-przykrecane","status":"publish","type":"product","link":"https:\/\/metalhandel.pl\/?product=wlazy-kanalowe-zeliwno-betonowe-klasa-c250-przykrecane","title":{"rendered":"W\u0142azy kana\u0142owe \u017celiwno-betonowe klasa C250 przykr\u0119cane"},"content":{"rendered":"<p><strong>Zastosowanie:<\/strong><br \/>\nW\u0142azy kana\u0142owe klasy C stosuje s\u0105 na jezdniach dr\u00f3g, utwardzonych poboczach oraz parkingach dla wszystkich rodzaj\u00f3w pojazd\u00f3w drogowych; w obszarze mierzonym od \u015bciany kraw\u0119\u017cnika mo\u017ce si\u0119ga\u0107 w tor ruchu maksimum 0,5 m i w drog\u0119 dla pieszych maksimum 0,2 m.<\/p>\n<p>&nbsp;<\/p>\n<p><strong>Charakterystyka:<\/strong><\/p>\n<p>-zgodny z norm\u0105 EN 124-2:2015<\/p>\n<p>-materia\u0142: \u017celiwo klasy EN GJL 200<\/p>\n<p>-beton klasy C35\/45 XF4<\/p>\n<p>-wysoko\u015b\u0107 korpusu H80, H115, H150<\/p>\n<p>-wolny prze\u015bwit 607mm<\/p>\n<p>-rygiel sk\u0142adaj\u0105cy si\u0119 ze \u015bruby M16x60, \u017celiwnej blokady i zawleczki<\/p>\n<p>-istnieje mo\u017cliwo\u015b\u0107 monta\u017cu wk\u0142adki t\u0142umi\u0105cej<\/p>\n","protected":false},"excerpt":{"rendered":"<p>&nbsp;<\/p>\n<p><strong>Rysunki odmian:<\/strong><\/p>\n<p><a href=\"http:\/\/metalhandel.pl\/wp-content\/uploads\/2017\/05\/W\u0142az-kanalowy-klasa-C250-pokrywa-wypelniona-betonem-korpus-H80-przykrecana.pdf\" target=\"_blank\" rel=\"noopener noreferrer\">W\u0142az kana\u0142owy klasa C250 pokrywa wype\u0142niona betonem, korpus H80<\/a><\/p>\n<p><a href=\"http:\/\/metalhandel.pl\/wp-content\/uploads\/2017\/04\/Wlaz-kanalowy-klasa-C250-pokrywa-wypelniona-betonem-korpus-H115-przykrecana.pdf\" target=\"_blank\" rel=\"noopener noreferrer\">W\u0142az kana\u0142owy klasa C250 pokrywa wype\u0142niona betonem, korpus H115<\/a><\/p>\n<p><a href=\"http:\/\/metalhandel.pl\/wp-content\/uploads\/2017\/05\/Wlaz-kanalowy-klasa-C250-pokrywa-wypelniona-betonem-korpus-H150-przykrecana.pdf\" target=\"_blank\" rel=\"noopener noreferrer\">W\u0142az kana\u0142owy klasa C250 pokrywa wype\u0142niona betonem, korpus H150<\/a><\/p>\n<p>&nbsp;<\/p>\n<p><a href=\"https:\/\/metalhandel.pl\/wp-content\/uploads\/2026\/03\/Certyfikat-2026.pdf\" target=\"_blank\" rel=\"noopener noreferrer\"><strong>Certyfikat<\/strong><\/a><\/p>\n<p><a href=\"https:\/\/metalhandel.pl\/wp-content\/uploads\/2023\/04\/Krajowa-deklaracja-wlasciwosci-uzytkowych-12-2023-Wlaz-zeliwny-klasa-C250-pokrywa-wypelniona-betonem-przykrecana.pdf\" target=\"_blank\" rel=\"noopener noreferrer\"><strong>Deklaracja w\u0142a\u015bciwo\u015bci u\u017cytkowych<\/strong><\/a><\/p>\n<p>&nbsp;<\/p>\n<p>&nbsp;<\/p>\n<p>&nbsp;<\/p>\n","protected":false},"featured_media":340,"comment_status":"closed","ping_status":"closed","template":"","meta":[],"_links":{"self":[{"href":"https:\/\/metalhandel.pl\/index.php?rest_route=\/wp\/v2\/product\/338"}],"collection":[{"href":"https:\/\/metalhandel.pl\/index.php?rest_route=\/wp\/v2\/product"}],"about":[{"href":"https:\/\/metalhandel.pl\/index.php?rest_route=\/wp\/v2\/types\/product"}],"replies":[{"embeddable":true,"href":"https:\/\/metalhandel.pl\/index.php?rest_route=%2Fwp%2Fv2%2Fcomments&post=338"}],"wp:featuredmedia":[{"embeddable":true,"href":"https:\/\/metalhandel.pl\/index.php?rest_route=\/wp\/v2\/media\/340"}],"wp:attachment":[{"href":"https:\/\/metalhandel.pl\/index.php?rest_route=%2Fwp%2Fv2%2Fmedia&parent=338"}],"curies":[{"name":"wp","href":"https:\/\/api.w.org\/{rel}","templated":true}]}}