{"id":302,"date":"2017-03-28T06:51:46","date_gmt":"2017-03-28T06:51:46","guid":{"rendered":"http:\/\/metalhandel.pl\/?product=wlazy-kanalowe-zeliwne-klasa-c250"},"modified":"2026-03-18T14:31:29","modified_gmt":"2026-03-18T14:31:29","slug":"wlazy-kanalowe-zeliwne-klasa-c250","status":"publish","type":"product","link":"https:\/\/metalhandel.pl\/?product=wlazy-kanalowe-zeliwne-klasa-c250","title":{"rendered":"W\u0142azy kana\u0142owe \u017celiwne klasa C250"},"content":{"rendered":"<p><strong>Zastosowanie:<\/strong><br \/>\nW\u0142azy kana\u0142owe klasy C stosuje s\u0105 na jezdniach dr\u00f3g, utwardzonych poboczach oraz parkingach dla wszystkich rodzaj\u00f3w pojazd\u00f3w drogowych; w obszarze mierzonym od \u015bciany kraw\u0119\u017cnika mo\u017ce si\u0119ga\u0107 w tor ruchu maksimum 0,5 m i w drog\u0119 dla pieszych maksimum 0,2 m.<\/p>\n<p>&nbsp;<\/p>\n<p><strong>Charakterystyka:<\/strong><\/p>\n<p>-zgodny z norm\u0105 EN 124-2:2015<\/p>\n<p>-materia\u0142: \u017celiwo klasy EN GJL 200<\/p>\n<p>-wysoko\u015b\u0107 korpusu \u00a0H80, H115, H150<\/p>\n<p>-wolny prze\u015bwit 607mm<\/p>\n<p>-istnieje mo\u017cliwo\u015b\u0107 monta\u017cu wk\u0142adki t\u0142umi\u0105cej<\/p>\n","protected":false},"excerpt":{"rendered":"<p>&nbsp;<\/p>\n<p><strong>Rysunki odmian:<\/strong><\/p>\n<p><a href=\"http:\/\/metalhandel.pl\/wp-content\/uploads\/2017\/03\/Wlaz-kanalowy-klasa-C250-pokrywa-dyskowa-korpus-H80.pdf\" target=\"_blank\" rel=\"noopener noreferrer\">W\u0142az kana\u0142owy klasa C250 pokrywa dyskowa, korpus H80<\/a><\/p>\n<p><a href=\"http:\/\/metalhandel.pl\/wp-content\/uploads\/2017\/03\/Wlaz-kanalowy-klasa-C250-pokrywa-dyskowa-korpus-H115.pdf\" target=\"_blank\" rel=\"noopener noreferrer\">W\u0142az kana\u0142owy klasa C250 pokrywa dyskowa, korpus H115<\/a><\/p>\n<p><a href=\"http:\/\/metalhandel.pl\/wp-content\/uploads\/2017\/05\/Wlaz-kanalowy-klasa-C250-pokrywa-dyskowa-korpus-H150.pdf\" target=\"_blank\" rel=\"noopener noreferrer\">W\u0142az kana\u0142owy klasa C250 pokrywa dyskowa, korpus H150<\/a><\/p>\n<p>&nbsp;<\/p>\n<p><a href=\"https:\/\/metalhandel.pl\/wp-content\/uploads\/2026\/03\/Certyfikat-2026.pdf\" target=\"_blank\" rel=\"noopener noreferrer\"><strong>Certyfikat<\/strong><\/a><\/p>\n<p><a href=\"https:\/\/metalhandel.pl\/wp-content\/uploads\/2023\/04\/Krajowa-deklaracja-wlasciwosci-uzytkowych-6-2023-Wlaz-zeliwny-klasa-C250.pdf\" target=\"_blank\" rel=\"noopener noreferrer\"><strong>Deklaracja w\u0142a\u015bciwo\u015bci u\u017cytkowych<\/strong><\/a><\/p>\n<p>&nbsp;<\/p>\n<p>&nbsp;<\/p>\n","protected":false},"featured_media":312,"comment_status":"closed","ping_status":"closed","template":"","meta":[],"_links":{"self":[{"href":"https:\/\/metalhandel.pl\/index.php?rest_route=\/wp\/v2\/product\/302"}],"collection":[{"href":"https:\/\/metalhandel.pl\/index.php?rest_route=\/wp\/v2\/product"}],"about":[{"href":"https:\/\/metalhandel.pl\/index.php?rest_route=\/wp\/v2\/types\/product"}],"replies":[{"embeddable":true,"href":"https:\/\/metalhandel.pl\/index.php?rest_route=%2Fwp%2Fv2%2Fcomments&post=302"}],"wp:featuredmedia":[{"embeddable":true,"href":"https:\/\/metalhandel.pl\/index.php?rest_route=\/wp\/v2\/media\/312"}],"wp:attachment":[{"href":"https:\/\/metalhandel.pl\/index.php?rest_route=%2Fwp%2Fv2%2Fmedia&parent=302"}],"curies":[{"name":"wp","href":"https:\/\/api.w.org\/{rel}","templated":true}]}}