{"id":218,"date":"2017-03-07T09:39:56","date_gmt":"2017-03-07T09:39:56","guid":{"rendered":"http:\/\/metalhandel.pl\/?product=mlotek-2-kg"},"modified":"2017-03-07T09:40:34","modified_gmt":"2017-03-07T09:40:34","slug":"mlotek-2-kg","status":"publish","type":"product","link":"https:\/\/metalhandel.pl\/?product=mlotek-2-kg","title":{"rendered":"M\u0142otek 2 kg"},"content":{"rendered":"<p>D\u0142ugo\u015b\u0107 trzonka:\u00a038 cm<\/p>\n<p>waga: 2\u00a0kg<\/p>\n<p>Mo\u017cliwo\u015b\u0107 zakupu oprawionego b\u0105d\u017a surowego. Dost\u0119pny w wersji malowanej b\u0105d\u017a niemalowanej.<\/p>\n","protected":false},"excerpt":{"rendered":"<p>D\u0142ugo\u015b\u0107 trzonka:\u00a038 cm waga: 2\u00a0kg Mo\u017cliwo\u015b\u0107 zakupu oprawionego b\u0105d\u017a surowego. Dost\u0119pny w wersji malowanej b\u0105d\u017a niemalowanej.<\/p>\n","protected":false},"featured_media":133,"comment_status":"closed","ping_status":"closed","template":"","meta":[],"_links":{"self":[{"href":"https:\/\/metalhandel.pl\/index.php?rest_route=\/wp\/v2\/product\/218"}],"collection":[{"href":"https:\/\/metalhandel.pl\/index.php?rest_route=\/wp\/v2\/product"}],"about":[{"href":"https:\/\/metalhandel.pl\/index.php?rest_route=\/wp\/v2\/types\/product"}],"replies":[{"embeddable":true,"href":"https:\/\/metalhandel.pl\/index.php?rest_route=%2Fwp%2Fv2%2Fcomments&post=218"}],"wp:featuredmedia":[{"embeddable":true,"href":"https:\/\/metalhandel.pl\/index.php?rest_route=\/wp\/v2\/media\/133"}],"wp:attachment":[{"href":"https:\/\/metalhandel.pl\/index.php?rest_route=%2Fwp%2Fv2%2Fmedia&parent=218"}],"curies":[{"name":"wp","href":"https:\/\/api.w.org\/{rel}","templated":true}]}}