{"id":212,"date":"2017-03-07T09:32:54","date_gmt":"2017-03-07T09:32:54","guid":{"rendered":"http:\/\/metalhandel.pl\/?post_type=product&#038;p=212"},"modified":"2017-03-07T10:43:59","modified_gmt":"2017-03-07T10:43:59","slug":"mlot-10kg","status":"publish","type":"product","link":"https:\/\/metalhandel.pl\/?product=mlot-10kg","title":{"rendered":"M\u0142ot 10 kg"},"content":{"rendered":"<p>D\u0142ugo\u015b\u0107 trzonka: 90cm<\/p>\n<p>waga: 10kg<\/p>\n<p>Mo\u017cliwo\u015b\u0107 zakupu oprawionego b\u0105d\u017a surowego. Dost\u0119pny w wersji malowanej b\u0105d\u017a niemalowanej.<\/p>\n","protected":false},"excerpt":{"rendered":"<p>D\u0142ugo\u015b\u0107 trzonka: 90cm waga: 10kg Mo\u017cliwo\u015b\u0107 zakupu oprawionego b\u0105d\u017a surowego. Dost\u0119pny w wersji malowanej b\u0105d\u017a niemalowanej.<\/p>\n","protected":false},"featured_media":151,"comment_status":"closed","ping_status":"closed","template":"","meta":[],"_links":{"self":[{"href":"https:\/\/metalhandel.pl\/index.php?rest_route=\/wp\/v2\/product\/212"}],"collection":[{"href":"https:\/\/metalhandel.pl\/index.php?rest_route=\/wp\/v2\/product"}],"about":[{"href":"https:\/\/metalhandel.pl\/index.php?rest_route=\/wp\/v2\/types\/product"}],"replies":[{"embeddable":true,"href":"https:\/\/metalhandel.pl\/index.php?rest_route=%2Fwp%2Fv2%2Fcomments&post=212"}],"wp:featuredmedia":[{"embeddable":true,"href":"https:\/\/metalhandel.pl\/index.php?rest_route=\/wp\/v2\/media\/151"}],"wp:attachment":[{"href":"https:\/\/metalhandel.pl\/index.php?rest_route=%2Fwp%2Fv2%2Fmedia&parent=212"}],"curies":[{"name":"wp","href":"https:\/\/api.w.org\/{rel}","templated":true}]}}