{"id":210,"date":"2017-03-07T09:12:23","date_gmt":"2017-03-07T09:12:23","guid":{"rendered":"http:\/\/metalhandel.pl\/?post_type=product&#038;p=210"},"modified":"2017-03-11T17:54:27","modified_gmt":"2017-03-11T17:54:27","slug":"lapa-do-wyciagania-gwozdzi","status":"publish","type":"product","link":"https:\/\/metalhandel.pl\/?product=lapa-do-wyciagania-gwozdzi","title":{"rendered":"\u0141apa do wyci\u0105gania gwo\u017adzi"},"content":{"rendered":"<p>Dost\u0119pne d\u0142ugo\u015bci:<\/p>\n<ul>\n<li>0,5m;<\/li>\n<li>0,6m;<\/li>\n<li>0,7m;<\/li>\n<li>0,8m;<\/li>\n<li>0,9m.<\/li>\n<\/ul>\n","protected":false},"excerpt":{"rendered":"<p>Dost\u0119pne d\u0142ugo\u015bci: 0,5m; 0,6m; 0,7m; 0,8m; 0,9m.<\/p>\n","protected":false},"featured_media":233,"comment_status":"closed","ping_status":"closed","template":"","meta":[],"_links":{"self":[{"href":"https:\/\/metalhandel.pl\/index.php?rest_route=\/wp\/v2\/product\/210"}],"collection":[{"href":"https:\/\/metalhandel.pl\/index.php?rest_route=\/wp\/v2\/product"}],"about":[{"href":"https:\/\/metalhandel.pl\/index.php?rest_route=\/wp\/v2\/types\/product"}],"replies":[{"embeddable":true,"href":"https:\/\/metalhandel.pl\/index.php?rest_route=%2Fwp%2Fv2%2Fcomments&post=210"}],"wp:featuredmedia":[{"embeddable":true,"href":"https:\/\/metalhandel.pl\/index.php?rest_route=\/wp\/v2\/media\/233"}],"wp:attachment":[{"href":"https:\/\/metalhandel.pl\/index.php?rest_route=%2Fwp%2Fv2%2Fmedia&parent=210"}],"curies":[{"name":"wp","href":"https:\/\/api.w.org\/{rel}","templated":true}]}}