{"id":606,"date":"2017-12-07T13:10:22","date_gmt":"2017-12-07T13:10:22","guid":{"rendered":"http:\/\/metalhandel.pl\/?page_id=606"},"modified":"2017-12-07T13:15:06","modified_gmt":"2017-12-07T13:15:06","slug":"miejsce-usytuowania-zwienczen-studzienek-kanalizacyjnych-wedlug-normy-en-124-12015","status":"publish","type":"page","link":"https:\/\/metalhandel.pl\/?page_id=606","title":{"rendered":"Miejsce usytuowania zwie\u0144cze\u0144 studzienek kanalizacyjnych wed\u0142ug normy EN 124-1:2015"},"content":{"rendered":"<p><img loading=\"lazy\" decoding=\"async\" class=\"wp-image-610 size-large aligncenter\" src=\"http:\/\/metalhandel.pl\/wp-content\/uploads\/2017\/12\/Miejce-usytuowania-zwienczen-1-831x1024.jpg\" alt=\"\" width=\"831\" height=\"1024\" srcset=\"https:\/\/metalhandel.pl\/wp-content\/uploads\/2017\/12\/Miejce-usytuowania-zwienczen-1-831x1024.jpg 831w, https:\/\/metalhandel.pl\/wp-content\/uploads\/2017\/12\/Miejce-usytuowania-zwienczen-1-600x740.jpg 600w, https:\/\/metalhandel.pl\/wp-content\/uploads\/2017\/12\/Miejce-usytuowania-zwienczen-1-122x150.jpg 122w, https:\/\/metalhandel.pl\/wp-content\/uploads\/2017\/12\/Miejce-usytuowania-zwienczen-1-243x300.jpg 243w, https:\/\/metalhandel.pl\/wp-content\/uploads\/2017\/12\/Miejce-usytuowania-zwienczen-1-768x947.jpg 768w, https:\/\/metalhandel.pl\/wp-content\/uploads\/2017\/12\/Miejce-usytuowania-zwienczen-1.jpg 1500w\" sizes=\"(max-width: 831px) 100vw, 831px\" \/><\/p>\n","protected":false},"excerpt":{"rendered":"","protected":false},"author":1,"featured_media":0,"parent":0,"menu_order":0,"comment_status":"closed","ping_status":"closed","template":"","meta":{"footnotes":""},"_links":{"self":[{"href":"https:\/\/metalhandel.pl\/index.php?rest_route=\/wp\/v2\/pages\/606"}],"collection":[{"href":"https:\/\/metalhandel.pl\/index.php?rest_route=\/wp\/v2\/pages"}],"about":[{"href":"https:\/\/metalhandel.pl\/index.php?rest_route=\/wp\/v2\/types\/page"}],"author":[{"embeddable":true,"href":"https:\/\/metalhandel.pl\/index.php?rest_route=\/wp\/v2\/users\/1"}],"replies":[{"embeddable":true,"href":"https:\/\/metalhandel.pl\/index.php?rest_route=%2Fwp%2Fv2%2Fcomments&post=606"}],"version-history":[{"count":5,"href":"https:\/\/metalhandel.pl\/index.php?rest_route=\/wp\/v2\/pages\/606\/revisions"}],"predecessor-version":[{"id":614,"href":"https:\/\/metalhandel.pl\/index.php?rest_route=\/wp\/v2\/pages\/606\/revisions\/614"}],"wp:attachment":[{"href":"https:\/\/metalhandel.pl\/index.php?rest_route=%2Fwp%2Fv2%2Fmedia&parent=606"}],"curies":[{"name":"wp","href":"https:\/\/api.w.org\/{rel}","templated":true}]}}