{"id":6,"date":"2017-01-25T12:34:00","date_gmt":"2017-01-25T12:34:00","guid":{"rendered":"http:\/\/metalhandel.pl\/?page_id=6"},"modified":"2024-02-02T10:04:10","modified_gmt":"2024-02-02T10:04:10","slug":"kontakt","status":"publish","type":"page","link":"https:\/\/metalhandel.pl\/?page_id=6","title":{"rendered":"Kontakt"},"content":{"rendered":"<p><strong>M E T A L &#8211; H A N D E L sp. j.<br \/>\n<\/strong>Jacek Galas i Piotr Galas<br \/>\nul. Wjazdowa 33, 26-200 Ko\u0144skie, woj. \u015bwi\u0119tokrzyskie,<\/p>\n<p><strong>Sp\u00f3\u0142ka zarejestrowana w KRS pod numerem 0000312648<br \/>\n<\/strong>REGON: 290137398<br \/>\nNIP: 658-00-02-058<\/p>\n<p><strong>Konta bankowe:<br \/>\n<\/strong>Bank PEKAO S.A. o\/Ko\u0144skie: <em>14 1240 5006 1111 0000 5555 9423<br \/>\n<\/em>Bank Sp\u00f3\u0142dzielczy Ko\u0144skie: <em>42 8494 0003 2001 0022 8534 0001<\/em><\/p>\n<p><strong>W\u0142a\u015bciciel:<\/strong><br \/>\n604 438 539<br \/>\n604 438 537<\/p>\n<h1>ODLEWNIA<\/h1>\n<p><strong>Dzia\u0142 sprzeda\u017cy:<br \/>\n<\/strong>41 372 79 70<\/p>\n<p><strong>Dzia\u0142 marketingu:<\/strong><br \/>\n662 032 056<\/p>\n<p><strong>Fax:<br \/>\n<\/strong>41 372 79 70<\/p>\n<p><strong>e-mail:<br \/>\n<\/strong><a href=\"mailto:biuro@metalhandel.pl\">biuro@metalhandel.pl<\/a><\/p>\n<h1>KU\u0179NIA<\/h1>\n<address>ul. G\u00f3rna 1<\/address>\n<address>26-200 Ko\u0144skie<\/address>\n<address>\u00a0<\/address>\n<p><strong>Dzia\u0142 sprzeda\u017cy:<br \/>\n<\/strong>502 137 969<\/p>\n<p><strong>e-mail:<br \/>\n<\/strong><a href=\"mailto:kuznia@metalhandel.pl\">kuznia@metalhandel.pl<\/a><\/p>\n","protected":false},"excerpt":{"rendered":"<p>M E T A L &#8211; H A N D E L sp. j. Jacek Galas i Piotr Galas ul&#8230;.<\/p>\n","protected":false},"author":1,"featured_media":0,"parent":0,"menu_order":0,"comment_status":"closed","ping_status":"closed","template":"","meta":{"footnotes":""},"_links":{"self":[{"href":"https:\/\/metalhandel.pl\/index.php?rest_route=\/wp\/v2\/pages\/6"}],"collection":[{"href":"https:\/\/metalhandel.pl\/index.php?rest_route=\/wp\/v2\/pages"}],"about":[{"href":"https:\/\/metalhandel.pl\/index.php?rest_route=\/wp\/v2\/types\/page"}],"author":[{"embeddable":true,"href":"https:\/\/metalhandel.pl\/index.php?rest_route=\/wp\/v2\/users\/1"}],"replies":[{"embeddable":true,"href":"https:\/\/metalhandel.pl\/index.php?rest_route=%2Fwp%2Fv2%2Fcomments&post=6"}],"version-history":[{"count":3,"href":"https:\/\/metalhandel.pl\/index.php?rest_route=\/wp\/v2\/pages\/6\/revisions"}],"predecessor-version":[{"id":916,"href":"https:\/\/metalhandel.pl\/index.php?rest_route=\/wp\/v2\/pages\/6\/revisions\/916"}],"wp:attachment":[{"href":"https:\/\/metalhandel.pl\/index.php?rest_route=%2Fwp%2Fv2%2Fmedia&parent=6"}],"curies":[{"name":"wp","href":"https:\/\/api.w.org\/{rel}","templated":true}]}}